{"id":13,"date":"2025-10-16T11:29:34","date_gmt":"2025-10-16T08:29:34","guid":{"rendered":"http:\/\/dnrtekstil.com.tr\/index.php\/cart\/"},"modified":"2025-10-16T13:08:24","modified_gmt":"2025-10-16T10:08:24","slug":"cart","status":"publish","type":"page","link":"https:\/\/dnrtekstil.com.tr\/index.php\/cart\/","title":{"rendered":"Cart"},"content":{"rendered":"\n<div data-block-name=\"woocommerce\/cart\" class=\"wp-block-woocommerce-cart alignwide is-loading\">\n<div data-block-name=\"woocommerce\/filled-cart-block\" class=\"wp-block-woocommerce-filled-cart-block\">\n<div data-block-name=\"woocommerce\/cart-items-block\" class=\"wp-block-woocommerce-cart-items-block\">\n<div data-block-name=\"woocommerce\/cart-line-items-block\" class=\"wp-block-woocommerce-cart-line-items-block\"><\/div>\n\n\n<\/div>\n\n\n\n\n<div data-block-name=\"woocommerce\/cart-totals-block\" class=\"wp-block-woocommerce-cart-totals-block\">\n<div data-block-name=\"woocommerce\/cart-order-summary-block\" class=\"wp-block-woocommerce-cart-order-summary-block\">\n<div data-block-name=\"woocommerce\/cart-order-summary-heading-block\" class=\"wp-block-woocommerce-cart-order-summary-heading-block\"><\/div><div data-block-name=\"woocommerce\/cart-order-summary-coupon-form-block\" class=\"wp-block-woocommerce-cart-order-summary-coupon-form-block\"><\/div><div data-block-name=\"woocommerce\/cart-order-summary-totals-block\" class=\"wp-block-woocommerce-cart-order-summary-totals-block\">\n<div data-block-name=\"woocommerce\/cart-order-summary-subtotal-block\" class=\"wp-block-woocommerce-cart-order-summary-subtotal-block\"><\/div>\n<div data-block-name=\"woocommerce\/cart-order-summary-discount-block\" class=\"wp-block-woocommerce-cart-order-summary-discount-block\"><\/div>\n<div data-block-name=\"woocommerce\/cart-order-summary-fee-block\" class=\"wp-block-woocommerce-cart-order-summary-fee-block\"><\/div>\n<div data-block-name=\"woocommerce\/cart-order-summary-shipping-block\" class=\"wp-block-woocommerce-cart-order-summary-shipping-block\"><\/div>\n<div data-block-name=\"woocommerce\/cart-order-summary-taxes-block\" class=\"wp-block-woocommerce-cart-order-summary-taxes-block\"><\/div><\/div>\n<\/div>\n\n\n\n<div data-block-name=\"woocommerce\/cart-express-payment-block\" class=\"wp-block-woocommerce-cart-express-payment-block\"><\/div>\n\n\n\n<div data-block-name=\"woocommerce\/proceed-to-checkout-block\" class=\"wp-block-woocommerce-proceed-to-checkout-block\"><\/div>\n\n\n\n<div data-block-name=\"woocommerce\/cart-accepted-payment-methods-block\" class=\"wp-block-woocommerce-cart-accepted-payment-methods-block\"><\/div>\n<\/div>\n<\/div>\n\n\n\n<div data-block-name=\"woocommerce\/empty-cart-block\" class=\"wp-block-woocommerce-empty-cart-block\">\n<h2 class=\"wp-block-heading has-text-align-center with-empty-cart-icon wc-block-cart__empty-cart__title\">Your cart is currently empty!<\/h2>\n\n\n\n<hr class=\"wp-block-separator has-alpha-channel-opacity is-style-dots\"\/>\n\n\n\n<h2 class=\"wp-block-heading has-text-align-center\">New in store<\/h2>\n\n\n<div data-block-name=\"woocommerce\/product-new\" data-columns=\"4\" data-rows=\"1\" class=\"wc-block-grid wp-block-product-new wp-block-woocommerce-product-new wc-block-product-new has-4-columns\"><ul class=\"wc-block-grid__products\"><li class=\"wc-block-grid__product\">\n\t\t\t\t<a href=\"https:\/\/dnrtekstil.com.tr\/index.php\/product\/pamuk-nefresim-ciftlik\/\" class=\"wc-block-grid__product-link\">\n\t\t\t\t\t\n\t\t\t\t\t<div class=\"wc-block-grid__product-image\"><img loading=\"lazy\" decoding=\"async\" width=\"300\" height=\"300\" src=\"https:\/\/dnrtekstil.com.tr\/wp-content\/uploads\/2025\/10\/Adsiz-tasarim-86-300x300.png\" class=\"attachment-woocommerce_thumbnail size-woocommerce_thumbnail\" alt=\"Pamuk Nevresim \u00c7iftlik\" srcset=\"https:\/\/dnrtekstil.com.tr\/wp-content\/uploads\/2025\/10\/Adsiz-tasarim-86-300x300.png 300w, https:\/\/dnrtekstil.com.tr\/wp-content\/uploads\/2025\/10\/Adsiz-tasarim-86-150x150.png 150w, https:\/\/dnrtekstil.com.tr\/wp-content\/uploads\/2025\/10\/Adsiz-tasarim-86-100x100.png 100w, https:\/\/dnrtekstil.com.tr\/wp-content\/uploads\/2025\/10\/Adsiz-tasarim-86.png 500w\" sizes=\"auto, (max-width: 300px) 100vw, 300px\" \/><\/div>\n\t\t\t\t\t<div class=\"wc-block-grid__product-title\">Pamuk Nevresim \u00c7iftlik<\/div>\n\t\t\t\t<\/a>\n\t\t\t\t<div class=\"wc-block-grid__product-price price\"><\/div>\n\t\t\t\t\n\t\t\t\t<div class=\"wp-block-button wc-block-grid__product-add-to-cart\"><a href=\"https:\/\/dnrtekstil.com.tr\/index.php\/product\/pamuk-nefresim-ciftlik\/\" aria-label=\"&ldquo;Pamuk Nevresim \u00c7iftlik&rdquo; i\u00e7in se\u00e7enekleri se\u00e7in\" data-quantity=\"1\" data-product_id=\"276\" data-product_sku=\"nvm001-1-1-1-1-1-1-1-1-1-1-1-1-1-1-1-1-1-1-1\" data-price=\"0\" rel=\"nofollow\" class=\"wp-block-button__link  add_to_cart_button\">Devam\u0131n\u0131 oku<\/a><\/div>\n\t\t\t<\/li><li class=\"wc-block-grid__product\">\n\t\t\t\t<a href=\"https:\/\/dnrtekstil.com.tr\/index.php\/product\/pamuk-saten-nevresim-4\/\" class=\"wc-block-grid__product-link\">\n\t\t\t\t\t<div class=\"wc-block-grid__product-onsale\">\n\t\t\t<span aria-hidden=\"true\">\u0130ndirim<\/span>\n\t\t\t<span class=\"screen-reader-text\">\u0130ndirimdeki \u00fcr\u00fcn<\/span>\n\t\t<\/div>\n\t\t\t\t\t<div class=\"wc-block-grid__product-image\"><img loading=\"lazy\" decoding=\"async\" width=\"300\" height=\"300\" src=\"https:\/\/dnrtekstil.com.tr\/wp-content\/uploads\/2025\/10\/WhatsApp-Image-2025-10-17-at-19.21.11-300x300.jpeg\" class=\"attachment-woocommerce_thumbnail size-woocommerce_thumbnail\" alt=\"Pamuk Saten Nevresim\" srcset=\"https:\/\/dnrtekstil.com.tr\/wp-content\/uploads\/2025\/10\/WhatsApp-Image-2025-10-17-at-19.21.11-300x300.jpeg 300w, https:\/\/dnrtekstil.com.tr\/wp-content\/uploads\/2025\/10\/WhatsApp-Image-2025-10-17-at-19.21.11-150x150.jpeg 150w, https:\/\/dnrtekstil.com.tr\/wp-content\/uploads\/2025\/10\/WhatsApp-Image-2025-10-17-at-19.21.11-100x100.jpeg 100w\" sizes=\"auto, (max-width: 300px) 100vw, 300px\" \/><\/div>\n\t\t\t\t\t<div class=\"wc-block-grid__product-title\">Pamuk Saten Nevresim<\/div>\n\t\t\t\t<\/a>\n\t\t\t\t<div class=\"wc-block-grid__product-price price\"><span class=\"woocommerce-Price-amount amount\" aria-hidden=\"true\"><span class=\"woocommerce-Price-currencySymbol\">&#8378;<\/span>1.100,00<\/span> <span aria-hidden=\"true\"> \u2013 <\/span> <span class=\"woocommerce-Price-amount amount\" aria-hidden=\"true\"><span class=\"woocommerce-Price-currencySymbol\">&#8378;<\/span>1.400,00<\/span><span class=\"screen-reader-text\">Fiyat aral\u0131\u011f\u0131: &#8378;1.100,00 &#8211; &#8378;1.400,00<\/span><\/div>\n\t\t\t\t\n\t\t\t\t<div class=\"wp-block-button wc-block-grid__product-add-to-cart\"><a href=\"https:\/\/dnrtekstil.com.tr\/index.php\/product\/pamuk-saten-nevresim-4\/\" aria-label=\"&ldquo;Pamuk Saten Nevresim&rdquo; i\u00e7in se\u00e7enekleri se\u00e7in\" data-quantity=\"1\" data-product_id=\"273\" data-product_sku=\"nvm001-1-1-1-1-1-1-1-1-1-1-1-1-1-1-1-1-1-1\" data-price=\"1100\" rel=\"nofollow\" class=\"wp-block-button__link  add_to_cart_button\">Se\u00e7enekler<\/a><\/div>\n\t\t\t<\/li><li class=\"wc-block-grid__product\">\n\t\t\t\t<a href=\"https:\/\/dnrtekstil.com.tr\/index.php\/product\/pamuk-saten-nevresim-3\/\" class=\"wc-block-grid__product-link\">\n\t\t\t\t\t<div class=\"wc-block-grid__product-onsale\">\n\t\t\t<span aria-hidden=\"true\">\u0130ndirim<\/span>\n\t\t\t<span class=\"screen-reader-text\">\u0130ndirimdeki \u00fcr\u00fcn<\/span>\n\t\t<\/div>\n\t\t\t\t\t<div class=\"wc-block-grid__product-image\"><img loading=\"lazy\" decoding=\"async\" width=\"300\" height=\"300\" src=\"https:\/\/dnrtekstil.com.tr\/wp-content\/uploads\/2025\/10\/WhatsApp-Image-2025-10-17-at-19.21.11-1-300x300.jpeg\" class=\"attachment-woocommerce_thumbnail size-woocommerce_thumbnail\" alt=\"Pamuk Saten Nevresim\" srcset=\"https:\/\/dnrtekstil.com.tr\/wp-content\/uploads\/2025\/10\/WhatsApp-Image-2025-10-17-at-19.21.11-1-300x300.jpeg 300w, https:\/\/dnrtekstil.com.tr\/wp-content\/uploads\/2025\/10\/WhatsApp-Image-2025-10-17-at-19.21.11-1-150x150.jpeg 150w, https:\/\/dnrtekstil.com.tr\/wp-content\/uploads\/2025\/10\/WhatsApp-Image-2025-10-17-at-19.21.11-1-100x100.jpeg 100w\" sizes=\"auto, (max-width: 300px) 100vw, 300px\" \/><\/div>\n\t\t\t\t\t<div class=\"wc-block-grid__product-title\">Pamuk Saten Nevresim<\/div>\n\t\t\t\t<\/a>\n\t\t\t\t<div class=\"wc-block-grid__product-price price\"><span class=\"woocommerce-Price-amount amount\" aria-hidden=\"true\"><span class=\"woocommerce-Price-currencySymbol\">&#8378;<\/span>1.100,00<\/span> <span aria-hidden=\"true\"> \u2013 <\/span> <span class=\"woocommerce-Price-amount amount\" aria-hidden=\"true\"><span class=\"woocommerce-Price-currencySymbol\">&#8378;<\/span>1.400,00<\/span><span class=\"screen-reader-text\">Fiyat aral\u0131\u011f\u0131: &#8378;1.100,00 &#8211; &#8378;1.400,00<\/span><\/div>\n\t\t\t\t\n\t\t\t\t<div class=\"wp-block-button wc-block-grid__product-add-to-cart\"><a href=\"https:\/\/dnrtekstil.com.tr\/index.php\/product\/pamuk-saten-nevresim-3\/\" aria-label=\"&ldquo;Pamuk Saten Nevresim&rdquo; i\u00e7in se\u00e7enekleri se\u00e7in\" data-quantity=\"1\" data-product_id=\"270\" data-product_sku=\"nvm001-1-1-1-1-1-1-1-1-1-1-1-1-1-1-1-1-1\" data-price=\"1100\" rel=\"nofollow\" class=\"wp-block-button__link  add_to_cart_button\">Se\u00e7enekler<\/a><\/div>\n\t\t\t<\/li><li class=\"wc-block-grid__product\">\n\t\t\t\t<a href=\"https:\/\/dnrtekstil.com.tr\/index.php\/product\/pamuk-saten-nevresim-2\/\" class=\"wc-block-grid__product-link\">\n\t\t\t\t\t<div class=\"wc-block-grid__product-onsale\">\n\t\t\t<span aria-hidden=\"true\">\u0130ndirim<\/span>\n\t\t\t<span class=\"screen-reader-text\">\u0130ndirimdeki \u00fcr\u00fcn<\/span>\n\t\t<\/div>\n\t\t\t\t\t<div class=\"wc-block-grid__product-image\"><img loading=\"lazy\" decoding=\"async\" width=\"300\" height=\"300\" src=\"https:\/\/dnrtekstil.com.tr\/wp-content\/uploads\/2025\/10\/img_2197-300x300.jpeg\" class=\"attachment-woocommerce_thumbnail size-woocommerce_thumbnail\" alt=\"Pamuk Saten Nevresim\" srcset=\"https:\/\/dnrtekstil.com.tr\/wp-content\/uploads\/2025\/10\/img_2197-300x300.jpeg 300w, https:\/\/dnrtekstil.com.tr\/wp-content\/uploads\/2025\/10\/img_2197-150x150.jpeg 150w, https:\/\/dnrtekstil.com.tr\/wp-content\/uploads\/2025\/10\/img_2197-100x100.jpeg 100w\" sizes=\"auto, (max-width: 300px) 100vw, 300px\" \/><\/div>\n\t\t\t\t\t<div class=\"wc-block-grid__product-title\">Pamuk Saten Nevresim<\/div>\n\t\t\t\t<\/a>\n\t\t\t\t<div class=\"wc-block-grid__product-price price\"><span class=\"woocommerce-Price-amount amount\" aria-hidden=\"true\"><span class=\"woocommerce-Price-currencySymbol\">&#8378;<\/span>1.100,00<\/span> <span aria-hidden=\"true\"> \u2013 <\/span> <span class=\"woocommerce-Price-amount amount\" aria-hidden=\"true\"><span class=\"woocommerce-Price-currencySymbol\">&#8378;<\/span>1.400,00<\/span><span class=\"screen-reader-text\">Fiyat aral\u0131\u011f\u0131: &#8378;1.100,00 &#8211; &#8378;1.400,00<\/span><\/div>\n\t\t\t\t\n\t\t\t\t<div class=\"wp-block-button wc-block-grid__product-add-to-cart\"><a href=\"https:\/\/dnrtekstil.com.tr\/index.php\/product\/pamuk-saten-nevresim-2\/\" aria-label=\"&ldquo;Pamuk Saten Nevresim&rdquo; i\u00e7in se\u00e7enekleri se\u00e7in\" data-quantity=\"1\" data-product_id=\"267\" data-product_sku=\"nvm001-1-1-1-1-1-1-1-1-1-1-1-1-1-1-1-1\" data-price=\"1100\" rel=\"nofollow\" class=\"wp-block-button__link  add_to_cart_button\">Se\u00e7enekler<\/a><\/div>\n\t\t\t<\/li><\/ul><\/div><\/div>\n<\/div>\n","protected":false},"excerpt":{"rendered":"","protected":false},"author":1,"featured_media":0,"parent":0,"menu_order":0,"comment_status":"closed","ping_status":"closed","template":"","meta":{"footnotes":""},"class_list":["post-13","page","type-page","status-publish","hentry"],"_links":{"self":[{"href":"https:\/\/dnrtekstil.com.tr\/index.php\/wp-json\/wp\/v2\/pages\/13","targetHints":{"allow":["GET"]}}],"collection":[{"href":"https:\/\/dnrtekstil.com.tr\/index.php\/wp-json\/wp\/v2\/pages"}],"about":[{"href":"https:\/\/dnrtekstil.com.tr\/index.php\/wp-json\/wp\/v2\/types\/page"}],"author":[{"embeddable":true,"href":"https:\/\/dnrtekstil.com.tr\/index.php\/wp-json\/wp\/v2\/users\/1"}],"replies":[{"embeddable":true,"href":"https:\/\/dnrtekstil.com.tr\/index.php\/wp-json\/wp\/v2\/comments?post=13"}],"version-history":[{"count":1,"href":"https:\/\/dnrtekstil.com.tr\/index.php\/wp-json\/wp\/v2\/pages\/13\/revisions"}],"predecessor-version":[{"id":128,"href":"https:\/\/dnrtekstil.com.tr\/index.php\/wp-json\/wp\/v2\/pages\/13\/revisions\/128"}],"wp:attachment":[{"href":"https:\/\/dnrtekstil.com.tr\/index.php\/wp-json\/wp\/v2\/media?parent=13"}],"curies":[{"name":"wp","href":"https:\/\/api.w.org\/{rel}","templated":true}]}}