{"id":106,"date":"2025-10-16T12:36:31","date_gmt":"2025-10-16T09:36:31","guid":{"rendered":"http:\/\/dnrtekstil.com.tr\/?page_id=106"},"modified":"2025-11-12T23:22:07","modified_gmt":"2025-11-12T20:22:07","slug":"toptan","status":"publish","type":"page","link":"https:\/\/dnrtekstil.com.tr\/","title":{"rendered":"Toptan"},"content":{"rendered":"\n<div class=\"slider-wrapper relative\" id=\"slider-1282139726\" >\n    <div class=\"slider slider-nav-circle slider-nav-large slider-nav-light slider-style-normal\"\n        data-flickity-options='{\n            \"cellAlign\": \"center\",\n            \"imagesLoaded\": true,\n            \"lazyLoad\": 1,\n            \"freeScroll\": false,\n            \"wrapAround\": true,\n            \"autoPlay\": 6000,\n            \"pauseAutoPlayOnHover\" : true,\n            \"prevNextButtons\": true,\n            \"contain\" : true,\n            \"adaptiveHeight\" : true,\n            \"dragThreshold\" : 10,\n            \"percentPosition\": true,\n            \"pageDots\": true,\n            \"rightToLeft\": false,\n            \"draggable\": true,\n            \"selectedAttraction\": 0.1,\n            \"parallax\" : 0,\n            \"friction\": 0.6        }'\n        >\n        \n\n\t<div class=\"img has-hover x md-x lg-x y md-y lg-y\" id=\"image_951323948\">\n\t\t\t\t\t\t\t\t<div class=\"img-inner dark\" >\n\t\t\t<img loading=\"lazy\" decoding=\"async\" width=\"1200\" height=\"400\" src=\"https:\/\/dnrtekstil.com.tr\/wp-content\/uploads\/2025\/11\/Adsiz-tasarim-2025-11-12T231942.798.png\" class=\"attachment-original size-original\" alt=\"\" srcset=\"https:\/\/dnrtekstil.com.tr\/wp-content\/uploads\/2025\/11\/Adsiz-tasarim-2025-11-12T231942.798.png 1200w, https:\/\/dnrtekstil.com.tr\/wp-content\/uploads\/2025\/11\/Adsiz-tasarim-2025-11-12T231942.798-300x100.png 300w, https:\/\/dnrtekstil.com.tr\/wp-content\/uploads\/2025\/11\/Adsiz-tasarim-2025-11-12T231942.798-1024x341.png 1024w, https:\/\/dnrtekstil.com.tr\/wp-content\/uploads\/2025\/11\/Adsiz-tasarim-2025-11-12T231942.798-768x256.png 768w, https:\/\/dnrtekstil.com.tr\/wp-content\/uploads\/2025\/11\/Adsiz-tasarim-2025-11-12T231942.798-600x200.png 600w\" sizes=\"auto, (max-width: 1200px) 100vw, 1200px\" \/>\t\t\t\t\t\t\n\t\t\t\t\t<\/div>\n\t\t\t\t\t\t\t\t\n<style>\n#image_951323948 {\n  width: 100%;\n}\n<\/style>\n\t<\/div>\n\t\n\n\t<div class=\"img has-hover x md-x lg-x y md-y lg-y\" id=\"image_165453993\">\n\t\t\t\t\t\t\t\t<div class=\"img-inner dark\" >\n\t\t\t<img loading=\"lazy\" decoding=\"async\" width=\"1200\" height=\"400\" src=\"https:\/\/dnrtekstil.com.tr\/wp-content\/uploads\/2025\/11\/Adsiz-tasarim-2025-11-12T231814.503.png\" class=\"attachment-original size-original\" alt=\"\" srcset=\"https:\/\/dnrtekstil.com.tr\/wp-content\/uploads\/2025\/11\/Adsiz-tasarim-2025-11-12T231814.503.png 1200w, https:\/\/dnrtekstil.com.tr\/wp-content\/uploads\/2025\/11\/Adsiz-tasarim-2025-11-12T231814.503-300x100.png 300w, https:\/\/dnrtekstil.com.tr\/wp-content\/uploads\/2025\/11\/Adsiz-tasarim-2025-11-12T231814.503-1024x341.png 1024w, https:\/\/dnrtekstil.com.tr\/wp-content\/uploads\/2025\/11\/Adsiz-tasarim-2025-11-12T231814.503-768x256.png 768w, https:\/\/dnrtekstil.com.tr\/wp-content\/uploads\/2025\/11\/Adsiz-tasarim-2025-11-12T231814.503-600x200.png 600w\" sizes=\"auto, (max-width: 1200px) 100vw, 1200px\" \/>\t\t\t\t\t\t\n\t\t\t\t\t<\/div>\n\t\t\t\t\t\t\t\t\n<style>\n#image_165453993 {\n  width: 100%;\n}\n<\/style>\n\t<\/div>\n\t\n\n\n     <\/div>\n\n     <div class=\"loading-spin dark large centered\"><\/div>\n\n     \t<\/div>\n\n\n<h1>\u00a0<\/h1>\n<h1>K\u00fcresel Kalite, Uluslararas\u0131 Konfor<\/h1>\n<p>Denizli merkezli DNR Tekstil (DNR Home), yar\u0131m asra yak\u0131n tecr\u00fcbesiyle T\u00fcrk ev tekstili sekt\u00f6r\u00fcn\u00fcn \u00f6nc\u00fc ve ihracat odakl\u0131 firmalar\u0131ndan biridir. Kurulu\u015fumuzdan bu yana temel ilkemiz, en y\u00fcksek kalitedeki hammaddeleri yenilik\u00e7i \u00fcretim teknikleriyle birle\u015ftirerek m\u00fc\u015fterilerimize benzersiz bir uyku ve ya\u015fam konforu sunmakt\u0131r.<\/p>\n<div class=\"row\"  id=\"row-963981682\">\n\n\n\t<div id=\"col-1013189726\" class=\"col medium-4 small-12 large-4\"  >\n\t\t\t\t<div class=\"col-inner\"  >\n\t\t\t\n\t\t\t\n\n\t<div class=\"img has-hover x md-x lg-x y md-y lg-y\" id=\"image_2110088262\">\n\t\t\t\t\t\t\t\t<div class=\"img-inner dark\" >\n\t\t\t<img loading=\"lazy\" decoding=\"async\" width=\"1920\" height=\"1080\" src=\"https:\/\/dnrtekstil.com.tr\/wp-content\/uploads\/2025\/10\/Adsiz-tasarim-45.png\" class=\"attachment-original size-original\" alt=\"\" srcset=\"https:\/\/dnrtekstil.com.tr\/wp-content\/uploads\/2025\/10\/Adsiz-tasarim-45.png 1920w, https:\/\/dnrtekstil.com.tr\/wp-content\/uploads\/2025\/10\/Adsiz-tasarim-45-600x338.png 600w, https:\/\/dnrtekstil.com.tr\/wp-content\/uploads\/2025\/10\/Adsiz-tasarim-45-300x169.png 300w, https:\/\/dnrtekstil.com.tr\/wp-content\/uploads\/2025\/10\/Adsiz-tasarim-45-1024x576.png 1024w, https:\/\/dnrtekstil.com.tr\/wp-content\/uploads\/2025\/10\/Adsiz-tasarim-45-768x432.png 768w, https:\/\/dnrtekstil.com.tr\/wp-content\/uploads\/2025\/10\/Adsiz-tasarim-45-1536x864.png 1536w\" sizes=\"auto, (max-width: 1920px) 100vw, 1920px\" \/>\t\t\t\t\t\t\n\t\t\t\t\t<\/div>\n\t\t\t\t\t\t\t\t\n<style>\n#image_2110088262 {\n  width: 100%;\n}\n<\/style>\n\t<\/div>\n\t\n\n<div class=\"container section-title-container\" ><h3 class=\"section-title section-title-normal\"><b><\/b><span class=\"section-title-main\" >bebek koleksiyonu<\/span><b><\/b><\/h3><\/div>\n\n<p>Bebek Nevresim Tak\u0131m\u0131, Bebek Uyku Seti, Bebek Battaniyesi, Bebek Pike Tak\u0131m\u0131, Bebek Yorgan\u0131, Bebek Yast\u0131\u011f\u0131, Bebek \u00c7ar\u015faf\u0131, Bebek Alezi (Yatak Koruyucu), Bebek Havlu Seti (Kap\u00fc\u015fonlu Banyo Havlusu), Bebek Bornozu, M\u00fcslin \u00d6rt\u00fc (Kundak\/Puset \u00d6rt\u00fcs\u00fc), A\u011f\u0131z Bezi, Alt A\u00e7ma Minderi K\u0131l\u0131f\u0131, Bebek Paspas\/Hal\u0131.<\/p>\n\n\t\t<\/div>\n\t\t\t\t\t<\/div>\n\n\t\n\n\t<div id=\"col-2082883994\" class=\"col medium-4 small-12 large-4\"  >\n\t\t\t\t<div class=\"col-inner\"  >\n\t\t\t\n\t\t\t\n\n\t<div class=\"img has-hover x md-x lg-x y md-y lg-y\" id=\"image_401420766\">\n\t\t\t\t\t\t\t\t<div class=\"img-inner dark\" >\n\t\t\t<img loading=\"lazy\" decoding=\"async\" width=\"1920\" height=\"1080\" src=\"https:\/\/dnrtekstil.com.tr\/wp-content\/uploads\/2025\/10\/Adsiz-tasarim-47.png\" class=\"attachment-original size-original\" alt=\"\" srcset=\"https:\/\/dnrtekstil.com.tr\/wp-content\/uploads\/2025\/10\/Adsiz-tasarim-47.png 1920w, https:\/\/dnrtekstil.com.tr\/wp-content\/uploads\/2025\/10\/Adsiz-tasarim-47-600x338.png 600w, https:\/\/dnrtekstil.com.tr\/wp-content\/uploads\/2025\/10\/Adsiz-tasarim-47-300x169.png 300w, https:\/\/dnrtekstil.com.tr\/wp-content\/uploads\/2025\/10\/Adsiz-tasarim-47-1024x576.png 1024w, https:\/\/dnrtekstil.com.tr\/wp-content\/uploads\/2025\/10\/Adsiz-tasarim-47-768x432.png 768w, https:\/\/dnrtekstil.com.tr\/wp-content\/uploads\/2025\/10\/Adsiz-tasarim-47-1536x864.png 1536w\" sizes=\"auto, (max-width: 1920px) 100vw, 1920px\" \/>\t\t\t\t\t\t\n\t\t\t\t\t<\/div>\n\t\t\t\t\t\t\t\t\n<style>\n#image_401420766 {\n  width: 100%;\n}\n<\/style>\n\t<\/div>\n\t\n\n<div class=\"container section-title-container\" ><h3 class=\"section-title section-title-normal\"><b><\/b><span class=\"section-title-main\" >banyo havlular\u0131<\/span><b><\/b><\/h3><\/div>\n\n<p>Banyo Havlusu, El ve Y\u00fcz Havlusu, Ayak Havlusu, Havlu Seti (3&#8217;l\u00fc, 4&#8217;l\u00fc vb.), Hamam Seti, Kap\u00fc\u015fonlu Havlu, Plaj Havlusu (Yeti\u015fkin), Pe\u015ftemal, Bornoz (Tekli veya Set), Sa\u00e7 Havlusu, Mikrofiber Banyo Havlusu, Bambu Havlu, Pamuklu Havlu, Jakarl\u0131 Havlu, Nak\u0131\u015fl\u0131 Havlu.<\/p>\n\n\t\t<\/div>\n\t\t\t\t\t<\/div>\n\n\t\n\n\t<div id=\"col-1128319729\" class=\"col medium-4 small-12 large-4\"  >\n\t\t\t\t<div class=\"col-inner\"  >\n\t\t\t\n\t\t\t\n\n\t<div class=\"img has-hover x md-x lg-x y md-y lg-y\" id=\"image_972474981\">\n\t\t\t\t\t\t\t\t<div class=\"img-inner dark\" >\n\t\t\t<img loading=\"lazy\" decoding=\"async\" width=\"1920\" height=\"1080\" src=\"https:\/\/dnrtekstil.com.tr\/wp-content\/uploads\/2025\/10\/Adsiz-tasarim-52.png\" class=\"attachment-original size-original\" alt=\"\" srcset=\"https:\/\/dnrtekstil.com.tr\/wp-content\/uploads\/2025\/10\/Adsiz-tasarim-52.png 1920w, https:\/\/dnrtekstil.com.tr\/wp-content\/uploads\/2025\/10\/Adsiz-tasarim-52-600x338.png 600w, https:\/\/dnrtekstil.com.tr\/wp-content\/uploads\/2025\/10\/Adsiz-tasarim-52-300x169.png 300w, https:\/\/dnrtekstil.com.tr\/wp-content\/uploads\/2025\/10\/Adsiz-tasarim-52-1024x576.png 1024w, https:\/\/dnrtekstil.com.tr\/wp-content\/uploads\/2025\/10\/Adsiz-tasarim-52-768x432.png 768w, https:\/\/dnrtekstil.com.tr\/wp-content\/uploads\/2025\/10\/Adsiz-tasarim-52-1536x864.png 1536w\" sizes=\"auto, (max-width: 1920px) 100vw, 1920px\" \/>\t\t\t\t\t\t\n\t\t\t\t\t<\/div>\n\t\t\t\t\t\t\t\t\n<style>\n#image_972474981 {\n  width: 100%;\n}\n<\/style>\n\t<\/div>\n\t\n\n<div class=\"container section-title-container\" ><h3 class=\"section-title section-title-normal\"><b><\/b><span class=\"section-title-main\" >bornoz<\/span><b><\/b><\/h3><\/div>\n\n<p>Bornoz, Bornoz Seti (Havlu Setli), Yeti\u015fkin Bornoz, \u00c7ocuk Bornozu, Kap\u00fc\u015fonlu Bornoz, Pamuk Bornoz, Bambu Bornoz, Mikrofiber Bornoz, Waffle Bornoz, Kad\u0131n Bornozu, Erkek Bornozu, Sabahl\u0131k Bornoz, K\u0131\u015fl\u0131k Bornoz, Yazl\u0131k Bornoz, Otel Bornozu, Pe\u015ftamal Bornoz, Jakarl\u0131 Bornoz.<\/p>\n\n\t\t<\/div>\n\t\t\t\t\t<\/div>\n\n\t\n\n<\/div>\n<div class=\"row\"  id=\"row-712956273\">\n\n\n\t<div id=\"col-41729665\" class=\"col medium-4 small-12 large-4\"  >\n\t\t\t\t<div class=\"col-inner\"  >\n\t\t\t\n\t\t\t\n\n\t<div class=\"img has-hover x md-x lg-x y md-y lg-y\" id=\"image_97944827\">\n\t\t\t\t\t\t\t\t<div class=\"img-inner dark\" >\n\t\t\t<img loading=\"lazy\" decoding=\"async\" width=\"1920\" height=\"1080\" src=\"https:\/\/dnrtekstil.com.tr\/wp-content\/uploads\/2025\/10\/Adsiz-tasarim-44.png\" class=\"attachment-original size-original\" alt=\"\" srcset=\"https:\/\/dnrtekstil.com.tr\/wp-content\/uploads\/2025\/10\/Adsiz-tasarim-44.png 1920w, https:\/\/dnrtekstil.com.tr\/wp-content\/uploads\/2025\/10\/Adsiz-tasarim-44-600x338.png 600w, https:\/\/dnrtekstil.com.tr\/wp-content\/uploads\/2025\/10\/Adsiz-tasarim-44-300x169.png 300w, https:\/\/dnrtekstil.com.tr\/wp-content\/uploads\/2025\/10\/Adsiz-tasarim-44-1024x576.png 1024w, https:\/\/dnrtekstil.com.tr\/wp-content\/uploads\/2025\/10\/Adsiz-tasarim-44-768x432.png 768w, https:\/\/dnrtekstil.com.tr\/wp-content\/uploads\/2025\/10\/Adsiz-tasarim-44-1536x864.png 1536w\" sizes=\"auto, (max-width: 1920px) 100vw, 1920px\" \/>\t\t\t\t\t\t\n\t\t\t\t\t<\/div>\n\t\t\t\t\t\t\t\t\n<style>\n#image_97944827 {\n  width: 100%;\n}\n<\/style>\n\t<\/div>\n\t\n\n<div class=\"container section-title-container\" ><h3 class=\"section-title section-title-normal\"><b><\/b><span class=\"section-title-main\" >paspaslar<\/span><b><\/b><\/h3><\/div>\n\n<div id=\"model-response-message-contentr_7d1dad9ff45d960b\" class=\"markdown markdown-main-panel enable-updated-hr-color\" dir=\"ltr\">\n<p>Kap\u0131 \u00d6n\u00fc Paspas\u0131, Banyo Paspas\u0131, Banyo Paspas Seti (2&#8217;li, 3&#8217;l\u00fc), Mutfak Paspas\u0131, Kaymaz Paspas, Dekoratif Paspas, Y\u0131kanabilir Paspas, Hal\u0131 Paspas, Has\u0131r Paspas, Mikrofiber Paspas, Makrome Paspas, Balkon Paspas\u0131, Yolluk Paspas, Kir Tutmaz Paspas, Bask\u0131l\u0131 Paspas.<\/p>\n<\/div>\n\n\t\t<\/div>\n\t\t\t\t\t<\/div>\n\n\t\n\n\t<div id=\"col-2097134869\" class=\"col medium-4 small-12 large-4\"  >\n\t\t\t\t<div class=\"col-inner\"  >\n\t\t\t\n\t\t\t\n\n\t<div class=\"img has-hover x md-x lg-x y md-y lg-y\" id=\"image_1431726054\">\n\t\t\t\t\t\t\t\t<div class=\"img-inner dark\" >\n\t\t\t<img loading=\"lazy\" decoding=\"async\" width=\"1920\" height=\"1080\" src=\"https:\/\/dnrtekstil.com.tr\/wp-content\/uploads\/2025\/10\/Adsiz-tasarim-46.png\" class=\"attachment-original size-original\" alt=\"\" srcset=\"https:\/\/dnrtekstil.com.tr\/wp-content\/uploads\/2025\/10\/Adsiz-tasarim-46.png 1920w, https:\/\/dnrtekstil.com.tr\/wp-content\/uploads\/2025\/10\/Adsiz-tasarim-46-600x338.png 600w, https:\/\/dnrtekstil.com.tr\/wp-content\/uploads\/2025\/10\/Adsiz-tasarim-46-300x169.png 300w, https:\/\/dnrtekstil.com.tr\/wp-content\/uploads\/2025\/10\/Adsiz-tasarim-46-1024x576.png 1024w, https:\/\/dnrtekstil.com.tr\/wp-content\/uploads\/2025\/10\/Adsiz-tasarim-46-768x432.png 768w, https:\/\/dnrtekstil.com.tr\/wp-content\/uploads\/2025\/10\/Adsiz-tasarim-46-1536x864.png 1536w\" sizes=\"auto, (max-width: 1920px) 100vw, 1920px\" \/>\t\t\t\t\t\t\n\t\t\t\t\t<\/div>\n\t\t\t\t\t\t\t\t\n<style>\n#image_1431726054 {\n  width: 100%;\n}\n<\/style>\n\t<\/div>\n\t\n\n<div class=\"container section-title-container\" ><h3 class=\"section-title section-title-normal\"><b><\/b><span class=\"section-title-main\" >comfort setler<\/span><b><\/b><\/h3><\/div>\n\n<p>Comfort Set (Uyku Seti), \u00c7ift Ki\u015filik Comfort Set, Tek Ki\u015filik Comfort Set, King Size Comfort Set, Battaniyeli Comfort Set, Yorganl\u0131 Comfort Set, Pamuk Saten Comfort Set, Daily Comfort Set, Luxury Comfort Set, Nevresimli Comfort Set, Pamuklu Comfort Set.<\/p>\n\n\t\t<\/div>\n\t\t\t\t\t<\/div>\n\n\t\n\n\t<div id=\"col-1056430203\" class=\"col medium-4 small-12 large-4\"  >\n\t\t\t\t<div class=\"col-inner\"  >\n\t\t\t\n\t\t\t\n\n\t<div class=\"img has-hover x md-x lg-x y md-y lg-y\" id=\"image_1581973151\">\n\t\t\t\t\t\t\t\t<div class=\"img-inner dark\" >\n\t\t\t<img loading=\"lazy\" decoding=\"async\" width=\"1920\" height=\"1080\" src=\"https:\/\/dnrtekstil.com.tr\/wp-content\/uploads\/2025\/10\/Adsiz-tasarim-51.png\" class=\"attachment-original size-original\" alt=\"\" srcset=\"https:\/\/dnrtekstil.com.tr\/wp-content\/uploads\/2025\/10\/Adsiz-tasarim-51.png 1920w, https:\/\/dnrtekstil.com.tr\/wp-content\/uploads\/2025\/10\/Adsiz-tasarim-51-600x338.png 600w, https:\/\/dnrtekstil.com.tr\/wp-content\/uploads\/2025\/10\/Adsiz-tasarim-51-300x169.png 300w, https:\/\/dnrtekstil.com.tr\/wp-content\/uploads\/2025\/10\/Adsiz-tasarim-51-1024x576.png 1024w, https:\/\/dnrtekstil.com.tr\/wp-content\/uploads\/2025\/10\/Adsiz-tasarim-51-768x432.png 768w, https:\/\/dnrtekstil.com.tr\/wp-content\/uploads\/2025\/10\/Adsiz-tasarim-51-1536x864.png 1536w\" sizes=\"auto, (max-width: 1920px) 100vw, 1920px\" \/>\t\t\t\t\t\t\n\t\t\t\t\t<\/div>\n\t\t\t\t\t\t\t\t\n<style>\n#image_1581973151 {\n  width: 100%;\n}\n<\/style>\n\t<\/div>\n\t\n\n<div class=\"container section-title-container\" ><h3 class=\"section-title section-title-normal\"><b><\/b><span class=\"section-title-main\" >di\u011fer<\/span><b><\/b><\/h3><\/div>\n\n<p>Nevresim Tak\u0131m\u0131, Uyku Seti, Battaniye, Yorgan, Yast\u0131k, Pike Tak\u0131m\u0131, \u00c7ar\u015faf, Yatak \u00d6rt\u00fcs\u00fc, Alez (Yatak Koruyucu), Banyo Havlusu, El ve Y\u00fcz Havlusu, Bornoz, Bornoz Seti, Banyo Paspas\u0131, M\u00fcslin \u00d6rt\u00fc, K\u0131rlent K\u0131l\u0131f\u0131, Koltuk \u015eal\u0131, Masa \u00d6rt\u00fcs\u00fc, Mutfak Havlusu, Perde, Hal\u0131.<\/p>\n\n\t\t<\/div>\n\t\t\t\t\t<\/div>\n\n\t\n\n<\/div>\n<a class=\"button primary expand\"  >\n    <span>\u00f6zel \u00fcretim sipari\u015fi i\u00e7in bize ula\u015f\u0131n<\/span>\n  <\/a>\n\n\n\n","protected":false},"excerpt":{"rendered":"","protected":false},"author":1,"featured_media":0,"parent":0,"menu_order":0,"comment_status":"closed","ping_status":"closed","template":"","meta":{"footnotes":""},"class_list":["post-106","page","type-page","status-publish","hentry"],"_links":{"self":[{"href":"https:\/\/dnrtekstil.com.tr\/index.php\/wp-json\/wp\/v2\/pages\/106","targetHints":{"allow":["GET"]}}],"collection":[{"href":"https:\/\/dnrtekstil.com.tr\/index.php\/wp-json\/wp\/v2\/pages"}],"about":[{"href":"https:\/\/dnrtekstil.com.tr\/index.php\/wp-json\/wp\/v2\/types\/page"}],"author":[{"embeddable":true,"href":"https:\/\/dnrtekstil.com.tr\/index.php\/wp-json\/wp\/v2\/users\/1"}],"replies":[{"embeddable":true,"href":"https:\/\/dnrtekstil.com.tr\/index.php\/wp-json\/wp\/v2\/comments?post=106"}],"version-history":[{"count":12,"href":"https:\/\/dnrtekstil.com.tr\/index.php\/wp-json\/wp\/v2\/pages\/106\/revisions"}],"predecessor-version":[{"id":371,"href":"https:\/\/dnrtekstil.com.tr\/index.php\/wp-json\/wp\/v2\/pages\/106\/revisions\/371"}],"wp:attachment":[{"href":"https:\/\/dnrtekstil.com.tr\/index.php\/wp-json\/wp\/v2\/media?parent=106"}],"curies":[{"name":"wp","href":"https:\/\/api.w.org\/{rel}","templated":true}]}}